{"id":18,"date":"2020-03-08T11:51:26","date_gmt":"2020-03-08T10:51:26","guid":{"rendered":"http:\/\/stolpersteine-mgh.de\/?page_id=18"},"modified":"2023-03-05T10:57:14","modified_gmt":"2023-03-05T09:57:14","slug":"willkommen","status":"publish","type":"page","link":"https:\/\/stolpersteine-mgh.de\/en\/","title":{"rendered":"Welcome"},"content":{"rendered":"\n<p>Welcome to the website of Stolpersteine Bad Mergentheim e.V..<\/p>\n\n\n\n<p>Here you will find current news of our association and information we would like to share.<\/p>\n\n\n\n<p>Biographies of the people for whom we have laid or still want to lay Stolpersteine can be found in the menu under Biographies.<\/p>\n\n\n\n<p>Our association offers guided tours about the history of the Jews in Bad Mergentheim. If you are interested, we will gladly try to make this possible. Please contact us via the email address stolpersteine-mergentheim@gmx.de.<\/p>\n\n\n\n<p>As the news below are, in general, more of local interest and for the sake of time, we will not translate them. But, step by step, we are going to make all other information on this homepage  available in english too. <br>In the beginning, most of the translations were done by using <a rel=\"noreferrer noopener\" href=\"http:\/\/www.DeepL.com\/Translator\" target=\"_blank\">www.DeepL.com\/Translator <\/a>(free version)<\/p>\n\n\n\n<h2 class=\"wp-block-heading\">News<\/h2>\n\n\n<ul class=\"wp-block-latest-posts__list is-grid columns-3 has-dates aligncenter wp-block-latest-posts\"><li><div class=\"wp-block-latest-posts__featured-image aligncenter\"><a href=\"https:\/\/stolpersteine-mgh.de\/en\/die-juedischen-kulturtage-stehen-vor-der-tuer\" aria-label=\"Die J\u00fcdischen Kulturtage stehen vor der T\u00fcr\"><img loading=\"lazy\" decoding=\"async\" width=\"300\" height=\"300\" src=\"https:\/\/stolpersteine-mgh.de\/wp-content\/uploads\/BB_JKT-300x300.png\" class=\"attachment-medium size-medium wp-post-image\" alt=\"\" style=\"\" srcset=\"https:\/\/stolpersteine-mgh.de\/wp-content\/uploads\/BB_JKT-300x300.png 300w, https:\/\/stolpersteine-mgh.de\/wp-content\/uploads\/BB_JKT-150x150.png 150w, https:\/\/stolpersteine-mgh.de\/wp-content\/uploads\/BB_JKT.png 340w\" sizes=\"auto, (max-width: 300px) 100vw, 300px\" \/><\/a><\/div><a class=\"wp-block-latest-posts__post-title\" href=\"https:\/\/stolpersteine-mgh.de\/en\/die-juedischen-kulturtage-stehen-vor-der-tuer\">Die J\u00fcdischen Kulturtage stehen vor der T\u00fcr<\/a><time datetime=\"2026-04-28T19:04:44+01:00\" class=\"wp-block-latest-posts__post-date\">28. April 2026<\/time><div class=\"wp-block-latest-posts__post-excerpt\">Dieses Jahr finden wieder die j\u00fcdischen Kulturtage im Taubertal statt. Vom 19. bis zum 22. Juni stehen Veranstaltungen von F\u00fchrungen,\u2026 <a class=\"wp-block-latest-posts__read-more\" href=\"https:\/\/stolpersteine-mgh.de\/en\/die-juedischen-kulturtage-stehen-vor-der-tuer\" rel=\"noopener noreferrer\">Read more<span class=\"screen-reader-text\">: Die J\u00fcdischen Kulturtage stehen vor der T\u00fcr<\/span><\/a><\/div><\/li>\n<li><div class=\"wp-block-latest-posts__featured-image aligncenter\"><a href=\"https:\/\/stolpersteine-mgh.de\/en\/erste-stolpersteine-in-tauberbischofsheim\" aria-label=\"Erste Stolpersteine in Tauberbischofsheim\"><img loading=\"lazy\" decoding=\"async\" width=\"264\" height=\"300\" src=\"https:\/\/stolpersteine-mgh.de\/wp-content\/uploads\/20220509-120927_250D_crop-1-264x300.jpg\" class=\"attachment-medium size-medium wp-post-image\" alt=\"\" style=\"\" srcset=\"https:\/\/stolpersteine-mgh.de\/wp-content\/uploads\/20220509-120927_250D_crop-1-264x300.jpg 264w, https:\/\/stolpersteine-mgh.de\/wp-content\/uploads\/20220509-120927_250D_crop-1-902x1024.jpg 902w, https:\/\/stolpersteine-mgh.de\/wp-content\/uploads\/20220509-120927_250D_crop-1-768x872.jpg 768w, https:\/\/stolpersteine-mgh.de\/wp-content\/uploads\/20220509-120927_250D_crop-1.jpg 939w\" sizes=\"auto, (max-width: 264px) 100vw, 264px\" \/><\/a><\/div><a class=\"wp-block-latest-posts__post-title\" href=\"https:\/\/stolpersteine-mgh.de\/en\/erste-stolpersteine-in-tauberbischofsheim\">Erste Stolpersteine in Tauberbischofsheim<\/a><time datetime=\"2026-04-16T16:57:18+01:00\" class=\"wp-block-latest-posts__post-date\">16. April 2026<\/time><div class=\"wp-block-latest-posts__post-excerpt\">Nachdem im Jahr 2023 die Nachfahren von \u00dcberlebenden des Nationalsozialismus mit einer Anfrage an die Stadt Tauberbischofsheim herantraten, Stolpersteine f\u00fcr\u2026 <a class=\"wp-block-latest-posts__read-more\" href=\"https:\/\/stolpersteine-mgh.de\/en\/erste-stolpersteine-in-tauberbischofsheim\" rel=\"noopener noreferrer\">Read more<span class=\"screen-reader-text\">: Erste Stolpersteine in Tauberbischofsheim<\/span><\/a><\/div><\/li>\n<li><div class=\"wp-block-latest-posts__featured-image aligncenter\"><a href=\"https:\/\/stolpersteine-mgh.de\/en\/das-juedische-museum-creglingen-braucht-eine-neue-heizung\" aria-label=\"Das J\u00fcdische Museum Creglingen braucht eine neue Heizung\"><img loading=\"lazy\" decoding=\"async\" width=\"300\" height=\"300\" src=\"https:\/\/stolpersteine-mgh.de\/wp-content\/uploads\/JMC-300x300.png\" class=\"attachment-medium size-medium wp-post-image\" alt=\"\" style=\"\" srcset=\"https:\/\/stolpersteine-mgh.de\/wp-content\/uploads\/JMC-300x300.png 300w, https:\/\/stolpersteine-mgh.de\/wp-content\/uploads\/JMC-150x150.png 150w, https:\/\/stolpersteine-mgh.de\/wp-content\/uploads\/JMC.png 340w\" sizes=\"auto, (max-width: 300px) 100vw, 300px\" \/><\/a><\/div><a class=\"wp-block-latest-posts__post-title\" href=\"https:\/\/stolpersteine-mgh.de\/en\/das-juedische-museum-creglingen-braucht-eine-neue-heizung\">Das J\u00fcdische Museum Creglingen braucht eine neue Heizung<\/a><time datetime=\"2026-03-08T20:49:28+01:00\" class=\"wp-block-latest-posts__post-date\">8. March 2026<\/time><div class=\"wp-block-latest-posts__post-excerpt\">Die \u00dcberschrift beinhaltet ja bereits die Kernaussage. F\u00fcr die Details zitiere ich einfach aus dem Newsletter des JMCs: Liebe Freundinnen\u2026 <a class=\"wp-block-latest-posts__read-more\" href=\"https:\/\/stolpersteine-mgh.de\/en\/das-juedische-museum-creglingen-braucht-eine-neue-heizung\" rel=\"noopener noreferrer\">Read more<span class=\"screen-reader-text\">: Das J\u00fcdische Museum Creglingen braucht eine neue Heizung<\/span><\/a><\/div><\/li>\n<li><div class=\"wp-block-latest-posts__featured-image aligncenter\"><a href=\"https:\/\/stolpersteine-mgh.de\/en\/ein-fest-der-demokratie-und-wir-waren-dabei\" aria-label=\"Ein Fest der Demokratie &#8211; und wir waren dabei\"><img loading=\"lazy\" decoding=\"async\" width=\"300\" height=\"300\" src=\"https:\/\/stolpersteine-mgh.de\/wp-content\/uploads\/FestderDemokratie-300x300.png\" class=\"attachment-medium size-medium wp-post-image\" alt=\"\" style=\"\" srcset=\"https:\/\/stolpersteine-mgh.de\/wp-content\/uploads\/FestderDemokratie-300x300.png 300w, https:\/\/stolpersteine-mgh.de\/wp-content\/uploads\/FestderDemokratie-150x150.png 150w, https:\/\/stolpersteine-mgh.de\/wp-content\/uploads\/FestderDemokratie.png 340w\" sizes=\"auto, (max-width: 300px) 100vw, 300px\" \/><\/a><\/div><a class=\"wp-block-latest-posts__post-title\" href=\"https:\/\/stolpersteine-mgh.de\/en\/ein-fest-der-demokratie-und-wir-waren-dabei\">Ein Fest der Demokratie &#8211; und wir waren dabei<\/a><time datetime=\"2026-03-08T20:22:34+01:00\" class=\"wp-block-latest-posts__post-date\">8. March 2026<\/time><div class=\"wp-block-latest-posts__post-excerpt\">Bei strahlendem Fr\u00fchlingswetter fand auf dem Marktplatz in Bad Mergentheim das vom &#8220;Netzwerk gegen Rechts&#8221; organisierte &#8220;Fest der Demokratie&#8221; statt,\u2026 <a class=\"wp-block-latest-posts__read-more\" href=\"https:\/\/stolpersteine-mgh.de\/en\/ein-fest-der-demokratie-und-wir-waren-dabei\" rel=\"noopener noreferrer\">Read more<span class=\"screen-reader-text\">: Ein Fest der Demokratie &#8211; und wir waren dabei<\/span><\/a><\/div><\/li>\n<li><div class=\"wp-block-latest-posts__featured-image aligncenter\"><a href=\"https:\/\/stolpersteine-mgh.de\/en\/artikel-zur-gedenfeier\" aria-label=\"Artikel zur Gedenkfeier\"><img loading=\"lazy\" decoding=\"async\" width=\"300\" height=\"300\" src=\"https:\/\/stolpersteine-mgh.de\/wp-content\/uploads\/BB_3Verlegung-300x300.png\" class=\"attachment-medium size-medium wp-post-image\" alt=\"Symbolbild mit 6 verlegten Stolpersteinen und dem Logo des Vereins Stolpersteine Bad Mergentheim\" style=\"\" srcset=\"https:\/\/stolpersteine-mgh.de\/wp-content\/uploads\/BB_3Verlegung-300x300.png 300w, https:\/\/stolpersteine-mgh.de\/wp-content\/uploads\/BB_3Verlegung-150x150.png 150w, https:\/\/stolpersteine-mgh.de\/wp-content\/uploads\/BB_3Verlegung.png 340w\" sizes=\"auto, (max-width: 300px) 100vw, 300px\" \/><\/a><\/div><a class=\"wp-block-latest-posts__post-title\" href=\"https:\/\/stolpersteine-mgh.de\/en\/artikel-zur-gedenfeier\">Artikel zur Gedenkfeier<\/a><time datetime=\"2026-02-02T18:57:33+01:00\" class=\"wp-block-latest-posts__post-date\">2. February 2026<\/time><div class=\"wp-block-latest-posts__post-excerpt\">Anl\u00e4sslich des am 27. Januar stattfindenden &#8220;Tag des Gedenkens an die Opfer des Nationalsozialismus&#8221; fand im \u00e4u\u00dferen Schlosshof eine Veranstaltung\u2026 <a class=\"wp-block-latest-posts__read-more\" href=\"https:\/\/stolpersteine-mgh.de\/en\/artikel-zur-gedenfeier\" rel=\"noopener noreferrer\">Read more<span class=\"screen-reader-text\">: Artikel zur Gedenkfeier<\/span><\/a><\/div><\/li>\n<li><div class=\"wp-block-latest-posts__featured-image aligncenter\"><a href=\"https:\/\/stolpersteine-mgh.de\/en\/gedenkfeier-zum-tag-des-gedenkens-an-die-opfer-des-nationalsozialismus\" aria-label=\"Gedenkfeier zum Tag des Gedenkens an die Opfer des Nationalsozialismus\"><img loading=\"lazy\" decoding=\"async\" width=\"300\" height=\"300\" src=\"https:\/\/stolpersteine-mgh.de\/wp-content\/uploads\/Veranstaltung-300x300.png\" class=\"attachment-medium size-medium wp-post-image\" alt=\"\" style=\"\" srcset=\"https:\/\/stolpersteine-mgh.de\/wp-content\/uploads\/Veranstaltung-300x300.png 300w, https:\/\/stolpersteine-mgh.de\/wp-content\/uploads\/Veranstaltung-150x150.png 150w, https:\/\/stolpersteine-mgh.de\/wp-content\/uploads\/Veranstaltung.png 340w\" sizes=\"auto, (max-width: 300px) 100vw, 300px\" \/><\/a><\/div><a class=\"wp-block-latest-posts__post-title\" href=\"https:\/\/stolpersteine-mgh.de\/en\/gedenkfeier-zum-tag-des-gedenkens-an-die-opfer-des-nationalsozialismus\">Gedenkfeier zum Tag des Gedenkens an die Opfer des Nationalsozialismus<\/a><time datetime=\"2026-01-14T18:44:54+01:00\" class=\"wp-block-latest-posts__post-date\">14. January 2026<\/time><div class=\"wp-block-latest-posts__post-excerpt\">Auch dieses Jahr l\u00e4dt die Stadt Bad Mergentheim zu einer Gedenkfeier zum bundesweiten Gedenktag f\u00fcr die Opfer des Nationalsozialismus ein.\u2026 <a class=\"wp-block-latest-posts__read-more\" href=\"https:\/\/stolpersteine-mgh.de\/en\/gedenkfeier-zum-tag-des-gedenkens-an-die-opfer-des-nationalsozialismus\" rel=\"noopener noreferrer\">Read more<span class=\"screen-reader-text\">: Gedenkfeier zum Tag des Gedenkens an die Opfer des Nationalsozialismus<\/span><\/a><\/div><\/li>\n<li><div class=\"wp-block-latest-posts__featured-image aligncenter\"><a href=\"https:\/\/stolpersteine-mgh.de\/en\/vom-sommer-vom-herbst-zum-winter-des-jahrhunderts\" aria-label=\"Vom Sommer, vom Herbst zum Winter des Jahrhunderts\"><img loading=\"lazy\" decoding=\"async\" width=\"300\" height=\"300\" src=\"https:\/\/stolpersteine-mgh.de\/wp-content\/uploads\/Veranstaltung-300x300.png\" class=\"attachment-medium size-medium wp-post-image\" alt=\"\" style=\"\" srcset=\"https:\/\/stolpersteine-mgh.de\/wp-content\/uploads\/Veranstaltung-300x300.png 300w, https:\/\/stolpersteine-mgh.de\/wp-content\/uploads\/Veranstaltung-150x150.png 150w, https:\/\/stolpersteine-mgh.de\/wp-content\/uploads\/Veranstaltung.png 340w\" sizes=\"auto, (max-width: 300px) 100vw, 300px\" \/><\/a><\/div><a class=\"wp-block-latest-posts__post-title\" href=\"https:\/\/stolpersteine-mgh.de\/en\/vom-sommer-vom-herbst-zum-winter-des-jahrhunderts\">Vom Sommer, vom Herbst zum Winter des Jahrhunderts<\/a><time datetime=\"2025-10-24T20:39:39+01:00\" class=\"wp-block-latest-posts__post-date\">24. October 2025<\/time><div class=\"wp-block-latest-posts__post-excerpt\">Am 2. November um 16 Uhr findet in der Sparkasse in K\u00fcnzelsau im Rahmen unserer Initiative DemHOKratie die musikalische Lesung\u2026 <a class=\"wp-block-latest-posts__read-more\" href=\"https:\/\/stolpersteine-mgh.de\/en\/vom-sommer-vom-herbst-zum-winter-des-jahrhunderts\" rel=\"noopener noreferrer\">Read more<span class=\"screen-reader-text\">: Vom Sommer, vom Herbst zum Winter des Jahrhunderts<\/span><\/a><\/div><\/li>\n<li><div class=\"wp-block-latest-posts__featured-image aligncenter\"><a href=\"https:\/\/stolpersteine-mgh.de\/en\/die-zukunft-der-geschichte\" aria-label=\"Die Zukunft der Geschichte\"><img loading=\"lazy\" decoding=\"async\" width=\"300\" height=\"300\" src=\"https:\/\/stolpersteine-mgh.de\/wp-content\/uploads\/Veranstaltung-300x300.png\" class=\"attachment-medium size-medium wp-post-image\" alt=\"\" style=\"\" srcset=\"https:\/\/stolpersteine-mgh.de\/wp-content\/uploads\/Veranstaltung-300x300.png 300w, https:\/\/stolpersteine-mgh.de\/wp-content\/uploads\/Veranstaltung-150x150.png 150w, https:\/\/stolpersteine-mgh.de\/wp-content\/uploads\/Veranstaltung.png 340w\" sizes=\"auto, (max-width: 300px) 100vw, 300px\" \/><\/a><\/div><a class=\"wp-block-latest-posts__post-title\" href=\"https:\/\/stolpersteine-mgh.de\/en\/die-zukunft-der-geschichte\">Die Zukunft der Geschichte<\/a><time datetime=\"2025-06-07T21:23:36+01:00\" class=\"wp-block-latest-posts__post-date\">7. June 2025<\/time><div class=\"wp-block-latest-posts__post-excerpt\">Podiumsdiskussion im Gedenken an den P\u00e4dagogen und Historiker Hartwig Behr Was lehrt uns die Vergangenheit im Umgang mit dem Rechtsextremismus\u2026 <a class=\"wp-block-latest-posts__read-more\" href=\"https:\/\/stolpersteine-mgh.de\/en\/die-zukunft-der-geschichte\" rel=\"noopener noreferrer\">Read more<span class=\"screen-reader-text\">: Die Zukunft der Geschichte<\/span><\/a><\/div><\/li>\n<li><div class=\"wp-block-latest-posts__featured-image aligncenter\"><a href=\"https:\/\/stolpersteine-mgh.de\/en\/von-der-bevoelkerung-kam-wahrgenommen\" aria-label=\"&#8220;Von der Bev\u00f6lkerung kam wahrgenommen \u2026&#8221;\"><img loading=\"lazy\" decoding=\"async\" width=\"300\" height=\"300\" src=\"https:\/\/stolpersteine-mgh.de\/wp-content\/uploads\/Veranstaltung-300x300.png\" class=\"attachment-medium size-medium wp-post-image\" alt=\"\" style=\"\" srcset=\"https:\/\/stolpersteine-mgh.de\/wp-content\/uploads\/Veranstaltung-300x300.png 300w, https:\/\/stolpersteine-mgh.de\/wp-content\/uploads\/Veranstaltung-150x150.png 150w, https:\/\/stolpersteine-mgh.de\/wp-content\/uploads\/Veranstaltung.png 340w\" sizes=\"auto, (max-width: 300px) 100vw, 300px\" \/><\/a><\/div><a class=\"wp-block-latest-posts__post-title\" href=\"https:\/\/stolpersteine-mgh.de\/en\/von-der-bevoelkerung-kam-wahrgenommen\">&#8220;Von der Bev\u00f6lkerung kam wahrgenommen \u2026&#8221;<\/a><time datetime=\"2025-05-12T19:18:41+01:00\" class=\"wp-block-latest-posts__post-date\">12. May 2025<\/time><div class=\"wp-block-latest-posts__post-excerpt\">Fotografien zur Deportation der badischen J\u00fcdinnen und Juden nach Gurs im Oktober 1940 in der Gedenkst\u00e4tte Synagoge Wenkheim Die Ausstellung\u2026 <a class=\"wp-block-latest-posts__read-more\" href=\"https:\/\/stolpersteine-mgh.de\/en\/von-der-bevoelkerung-kam-wahrgenommen\" rel=\"noopener noreferrer\">Read more<span class=\"screen-reader-text\">: &#8220;Von der Bev\u00f6lkerung kam wahrgenommen \u2026&#8221;<\/span><\/a><\/div><\/li>\n<li><div class=\"wp-block-latest-posts__featured-image aligncenter\"><a href=\"https:\/\/stolpersteine-mgh.de\/en\/everynamecounts-challenge-2025\" aria-label=\"everynamecounts-Challenge 2025\"><img loading=\"lazy\" decoding=\"async\" width=\"299\" height=\"299\" src=\"https:\/\/stolpersteine-mgh.de\/wp-content\/uploads\/everynamecounts.png\" class=\"attachment-medium size-medium wp-post-image\" alt=\"dwer hashtag every name counts vor einem Hintergrung mit goldenen Namen auf einem blauen Hintergrund\" style=\"\" srcset=\"https:\/\/stolpersteine-mgh.de\/wp-content\/uploads\/everynamecounts.png 299w, https:\/\/stolpersteine-mgh.de\/wp-content\/uploads\/everynamecounts-150x150.png 150w\" sizes=\"auto, (max-width: 299px) 100vw, 299px\" \/><\/a><\/div><a class=\"wp-block-latest-posts__post-title\" href=\"https:\/\/stolpersteine-mgh.de\/en\/everynamecounts-challenge-2025\">everynamecounts-Challenge 2025<\/a><time datetime=\"2025-01-27T19:14:48+01:00\" class=\"wp-block-latest-posts__post-date\">27. January 2025<\/time><div class=\"wp-block-latest-posts__post-excerpt\">Aktuell l\u00e4uft die everynamecounts-Challenge 2025 bei den Arolsen Archives. Dieses mal zum 80. Jahrestag der Auschwitz-Befreiung: Anl\u00e4sslich des internationalen Holocaust-Gedenktags\u2026 <a class=\"wp-block-latest-posts__read-more\" href=\"https:\/\/stolpersteine-mgh.de\/en\/everynamecounts-challenge-2025\" rel=\"noopener noreferrer\">Read more<span class=\"screen-reader-text\">: everynamecounts-Challenge 2025<\/span><\/a><\/div><\/li>\n<li><div class=\"wp-block-latest-posts__featured-image aligncenter\"><a href=\"https:\/\/stolpersteine-mgh.de\/en\/gedenkfeier-zum-holocaustgedenktag\" aria-label=\"Gedenkfeier zum Holocaustgedenktag\"><img loading=\"lazy\" decoding=\"async\" width=\"300\" height=\"300\" src=\"https:\/\/stolpersteine-mgh.de\/wp-content\/uploads\/Veranstaltung-300x300.png\" class=\"attachment-medium size-medium wp-post-image\" alt=\"\" style=\"\" srcset=\"https:\/\/stolpersteine-mgh.de\/wp-content\/uploads\/Veranstaltung-300x300.png 300w, https:\/\/stolpersteine-mgh.de\/wp-content\/uploads\/Veranstaltung-150x150.png 150w, https:\/\/stolpersteine-mgh.de\/wp-content\/uploads\/Veranstaltung.png 340w\" sizes=\"auto, (max-width: 300px) 100vw, 300px\" \/><\/a><\/div><a class=\"wp-block-latest-posts__post-title\" href=\"https:\/\/stolpersteine-mgh.de\/en\/gedenkfeier-zum-holocaustgedenktag\">Gedenkfeier zum Holocaustgedenktag<\/a><time datetime=\"2025-01-19T19:56:14+01:00\" class=\"wp-block-latest-posts__post-date\">19. January 2025<\/time><div class=\"wp-block-latest-posts__post-excerpt\">Der 27. Januar ist der Jahrestag der Befreiung des Konzentrationslagers Auschwitz und seit 1996 ein bundesweiter Gedenktag f\u00fcr die Opfer\u2026 <a class=\"wp-block-latest-posts__read-more\" href=\"https:\/\/stolpersteine-mgh.de\/en\/gedenkfeier-zum-holocaustgedenktag\" rel=\"noopener noreferrer\">Read more<span class=\"screen-reader-text\">: Gedenkfeier zum Holocaustgedenktag<\/span><\/a><\/div><\/li>\n<li><div class=\"wp-block-latest-posts__featured-image aligncenter\"><a href=\"https:\/\/stolpersteine-mgh.de\/en\/filmbeitrag-ueber-stolpersteine-auf-arte\" aria-label=\"Filmbeitrag \u00fcber Stolpersteine auf Arte\"><img loading=\"lazy\" decoding=\"async\" width=\"300\" height=\"300\" src=\"https:\/\/stolpersteine-mgh.de\/wp-content\/uploads\/TerminC-1-300x300.png\" class=\"attachment-medium size-medium wp-post-image\" alt=\"\" style=\"\" srcset=\"https:\/\/stolpersteine-mgh.de\/wp-content\/uploads\/TerminC-1-300x300.png 300w, https:\/\/stolpersteine-mgh.de\/wp-content\/uploads\/TerminC-1-150x150.png 150w, https:\/\/stolpersteine-mgh.de\/wp-content\/uploads\/TerminC-1.png 340w\" sizes=\"auto, (max-width: 300px) 100vw, 300px\" \/><\/a><\/div><a class=\"wp-block-latest-posts__post-title\" href=\"https:\/\/stolpersteine-mgh.de\/en\/filmbeitrag-ueber-stolpersteine-auf-arte\">Filmbeitrag \u00fcber Stolpersteine auf Arte<\/a><time datetime=\"2025-01-19T19:44:02+01:00\" class=\"wp-block-latest-posts__post-date\">19. January 2025<\/time><div class=\"wp-block-latest-posts__post-excerpt\">TV-Ausstrahlung am Donnerstag, 23. Januar um 21:05 (Wiederholung am 27. Januar um 10:25 oder in der Arte-Mediathek) Mehr als 100.000\u2026 <a class=\"wp-block-latest-posts__read-more\" href=\"https:\/\/stolpersteine-mgh.de\/en\/filmbeitrag-ueber-stolpersteine-auf-arte\" rel=\"noopener noreferrer\">Read more<span class=\"screen-reader-text\">: Filmbeitrag \u00fcber Stolpersteine auf Arte<\/span><\/a><\/div><\/li>\n<\/ul>\n\n\n<hr class=\"wp-block-separator has-alpha-channel-opacity\"\/>\n\n\n\n<p>We post these and other news also on <a href=\"https:\/\/weremember.social\/@stolpersteinemgh\">Mastodon<\/a>.<\/p>\n\n\n\n<p><\/p>\n","protected":false},"excerpt":{"rendered":"<p>Welcome to the website of Stolpersteine Bad Mergentheim e.V.. Here you will find current news of our association and information we would like to share. Biographies of the people for whom we have laid or still want to lay Stolpersteine can be found in the menu under Biographies. Our association offers guided tours about the [&hellip;]<\/p>\n","protected":false},"author":1,"featured_media":0,"parent":0,"menu_order":0,"comment_status":"closed","ping_status":"closed","template":"templates\/front_1.php","meta":{"_coblocks_attr":"","_coblocks_dimensions":"","_coblocks_responsive_height":"","_coblocks_accordion_ie_support":"","footnotes":""},"class_list":["post-18","page","type-page","status-publish","hentry"],"translation":{"provider":"WPGlobus","version":"3.0.2","language":"en","enabled_languages":["de","en"],"languages":{"de":{"title":true,"content":true,"excerpt":false},"en":{"title":true,"content":true,"excerpt":false}}},"_links":{"self":[{"href":"https:\/\/stolpersteine-mgh.de\/en\/wp-json\/wp\/v2\/pages\/18","targetHints":{"allow":["GET"]}}],"collection":[{"href":"https:\/\/stolpersteine-mgh.de\/en\/wp-json\/wp\/v2\/pages"}],"about":[{"href":"https:\/\/stolpersteine-mgh.de\/en\/wp-json\/wp\/v2\/types\/page"}],"author":[{"embeddable":true,"href":"https:\/\/stolpersteine-mgh.de\/en\/wp-json\/wp\/v2\/users\/1"}],"replies":[{"embeddable":true,"href":"https:\/\/stolpersteine-mgh.de\/en\/wp-json\/wp\/v2\/comments?post=18"}],"version-history":[{"count":55,"href":"https:\/\/stolpersteine-mgh.de\/en\/wp-json\/wp\/v2\/pages\/18\/revisions"}],"predecessor-version":[{"id":1817,"href":"https:\/\/stolpersteine-mgh.de\/en\/wp-json\/wp\/v2\/pages\/18\/revisions\/1817"}],"wp:attachment":[{"href":"https:\/\/stolpersteine-mgh.de\/en\/wp-json\/wp\/v2\/media?parent=18"}],"curies":[{"name":"wp","href":"https:\/\/api.w.org\/{rel}","templated":true}]}}